{"id":767,"date":"2025-06-18T02:46:56","date_gmt":"2025-06-18T02:46:56","guid":{"rendered":"https:\/\/olmecadrilling.com\/es\/contact\/"},"modified":"2026-03-03T03:35:57","modified_gmt":"2026-03-03T03:35:57","slug":"contacto","status":"publish","type":"page","link":"https:\/\/olmecadrilling.com\/es\/contacto\/","title":{"rendered":"Contacto"},"content":{"rendered":"\t\t<div data-elementor-type=\"wp-page\" data-elementor-id=\"767\" class=\"elementor elementor-767\">\n\t\t\t\t<div class=\"elementor-element elementor-element-6affc94f e-flex e-con-boxed e-con e-parent\" data-id=\"6affc94f\" data-element_type=\"container\" data-e-type=\"container\" data-settings=\"{&quot;background_background&quot;:&quot;classic&quot;}\">\n\t\t\t\t\t<div class=\"e-con-inner\">\n\t\t<div class=\"elementor-element elementor-element-7667607a e-con-full e-flex e-con e-child\" data-id=\"7667607a\" data-element_type=\"container\" data-e-type=\"container\">\n\t\t<div class=\"elementor-element elementor-element-14ddd96d e-con-full e-flex e-con e-child\" data-id=\"14ddd96d\" data-element_type=\"container\" data-e-type=\"container\" data-settings=\"{&quot;background_background&quot;:&quot;gradient&quot;}\">\n\t\t\t\t<\/div>\n\t\t\t\t<div class=\"elementor-element elementor-element-115ae9ed elementor-widget__width-initial elementor-widget elementor-widget-heading\" data-id=\"115ae9ed\" data-element_type=\"widget\" data-e-type=\"widget\" data-widget_type=\"heading.default\">\n\t\t\t\t<div class=\"elementor-widget-container\">\n\t\t\t\t\t<h4 class=\"elementor-heading-title elementor-size-default\">Contacto<\/h4>\t\t\t\t<\/div>\n\t\t\t\t<\/div>\n\t\t\t\t<\/div>\n\t\t\t\t<div class=\"elementor-element elementor-element-2c5ba46a elementor-widget__width-initial elementor-widget elementor-widget-heading\" data-id=\"2c5ba46a\" data-element_type=\"widget\" data-e-type=\"widget\" data-widget_type=\"heading.default\">\n\t\t\t\t<div class=\"elementor-widget-container\">\n\t\t\t\t\t<h1 class=\"elementor-heading-title elementor-size-default\">Comprometidos con tu operaci\u00f3n. Hablemos.<\/h1>\t\t\t\t<\/div>\n\t\t\t\t<\/div>\n\t\t\t\t<div class=\"elementor-element elementor-element-398aad83 elementor-widget__width-initial elementor-widget elementor-widget-icon-box\" data-id=\"398aad83\" data-element_type=\"widget\" data-e-type=\"widget\" data-widget_type=\"icon-box.default\">\n\t\t\t\t<div class=\"elementor-widget-container\">\n\t\t\t\t\t\t\t<div class=\"elementor-icon-box-wrapper\">\n\n\t\t\t\n\t\t\t\t\t\t<div class=\"elementor-icon-box-content\">\n\n\t\t\t\t\n\t\t\t\t\t\t\t\t\t<p class=\"elementor-icon-box-description\">\n\t\t\t\t\t\tEstamos listos para responder a tus requerimientos t\u00e9cnicos y comerciales.\t\t\t\t\t<\/p>\n\t\t\t\t\n\t\t\t<\/div>\n\t\t\t\n\t\t<\/div>\n\t\t\t\t\t\t<\/div>\n\t\t\t\t<\/div>\n\t\t<div class=\"elementor-element elementor-element-fa2d434 e-con-full e-flex e-con e-child\" data-id=\"fa2d434\" data-element_type=\"container\" data-e-type=\"container\">\n\t\t\t\t<div class=\"elementor-element elementor-element-20361eb9 elementor-widget__width-initial elementor-widget elementor-widget-eael-creative-button\" data-id=\"20361eb9\" data-element_type=\"widget\" data-e-type=\"widget\" data-widget_type=\"eael-creative-button.default\">\n\t\t\t\t<div class=\"elementor-widget-container\">\n\t\t\t\t\t        <div class=\"eael-creative-button-wrapper\">\n\n            <a class=\"eael-creative-button eael-creative-button--default eael-cb-icon-position-right\" href=\"#mex\" data-text=\"\">\n            \t    \n                <div class=\"creative-button-inner\">\n\n                    \n                    <span class=\"cretive-button-text\">Contacto M\u00e9xico<\/span>\n\n                                            <span class=\"eael-creative-button-icon-right\"><svg xmlns=\"http:\/\/www.w3.org\/2000\/svg\" height=\"48px\" viewBox=\"0 -960 960 960\" width=\"48px\" fill=\"#CURRENTCOLOR\"><path d=\"M676.2-445.93H154.02v-68.14H676.2L432.02-758.24 480-806.22 806.22-480 480-154.02l-47.98-47.74L676.2-445.93Z\"><\/path><\/svg><\/span>                                    <\/div>\n\t                        <\/a>\n        <\/div>\n        \t\t\t\t<\/div>\n\t\t\t\t<\/div>\n\t\t\t\t<div class=\"elementor-element elementor-element-5c89a8e elementor-widget elementor-widget-eael-creative-button\" data-id=\"5c89a8e\" data-element_type=\"widget\" data-e-type=\"widget\" data-widget_type=\"eael-creative-button.default\">\n\t\t\t\t<div class=\"elementor-widget-container\">\n\t\t\t\t\t        <div class=\"eael-creative-button-wrapper\">\n\n            <a class=\"eael-creative-button eael-creative-button--default eael-cb-icon-position-right\" href=\"#us\" data-text=\"\">\n            \t    \n                <div class=\"creative-button-inner\">\n\n                    \n                    <span class=\"cretive-button-text\">Contacto U.S.<\/span>\n\n                                            <span class=\"eael-creative-button-icon-right\"><svg xmlns=\"http:\/\/www.w3.org\/2000\/svg\" height=\"48px\" viewBox=\"0 -960 960 960\" width=\"48px\" fill=\"#CURRENTCOLOR\"><path d=\"M676.2-445.93H154.02v-68.14H676.2L432.02-758.24 480-806.22 806.22-480 480-154.02l-47.98-47.74L676.2-445.93Z\"><\/path><\/svg><\/span>                                    <\/div>\n\t                        <\/a>\n        <\/div>\n        \t\t\t\t<\/div>\n\t\t\t\t<\/div>\n\t\t\t\t<\/div>\n\t\t\t\t\t<\/div>\n\t\t\t\t<\/div>\n\t\t<div class=\"elementor-element elementor-element-c3533b2 e-flex e-con-boxed e-con e-parent\" data-id=\"c3533b2\" data-element_type=\"container\" data-e-type=\"container\" id=\"mex\" data-settings=\"{&quot;background_background&quot;:&quot;classic&quot;}\">\n\t\t\t\t\t<div class=\"e-con-inner\">\n\t\t<div class=\"elementor-element elementor-element-ec27a39 e-con-full e-flex e-con e-child\" data-id=\"ec27a39\" data-element_type=\"container\" data-e-type=\"container\">\n\t\t<div class=\"elementor-element elementor-element-59031ee e-con-full e-flex e-con e-child\" data-id=\"59031ee\" data-element_type=\"container\" data-e-type=\"container\" data-settings=\"{&quot;background_background&quot;:&quot;classic&quot;}\">\n\t\t\t\t<div class=\"elementor-element elementor-element-f470748 elementor-widget elementor-widget-image-box\" data-id=\"f470748\" data-element_type=\"widget\" data-e-type=\"widget\" data-widget_type=\"image-box.default\">\n\t\t\t\t<div class=\"elementor-widget-container\">\n\t\t\t\t\t<div class=\"elementor-image-box-wrapper\"><div class=\"elementor-image-box-content\"><h3 class=\"elementor-image-box-title\">Tabasco, M\u00e9xico<\/h3><p class=\"elementor-image-box-description\">Cont\u00e1ctanos hoy y comencemos a hablar de tus objetivos de perforaci\u00f3n. Conecta con nosotros para descubrir c\u00f3mo podemos elevar tu operaci\u00f3n.<\/p><\/div><\/div>\t\t\t\t<\/div>\n\t\t\t\t<\/div>\n\t\t\t\t<div class=\"elementor-element elementor-element-d899116 elementor-widget__width-inherit elementor-widget elementor-widget-image-box\" data-id=\"d899116\" data-element_type=\"widget\" data-e-type=\"widget\" data-widget_type=\"image-box.default\">\n\t\t\t\t<div class=\"elementor-widget-container\">\n\t\t\t\t\t<div class=\"elementor-image-box-wrapper\"><div class=\"elementor-image-box-content\"><h5 class=\"elementor-image-box-title\">Tel\u00e9fono<\/h5><p class=\"elementor-image-box-description\">(+52) 993 591 3143<\/p><\/div><\/div>\t\t\t\t<\/div>\n\t\t\t\t<\/div>\n\t\t\t\t<div class=\"elementor-element elementor-element-418b2ba elementor-widget__width-initial elementor-widget elementor-widget-image-box\" data-id=\"418b2ba\" data-element_type=\"widget\" data-e-type=\"widget\" data-widget_type=\"image-box.default\">\n\t\t\t\t<div class=\"elementor-widget-container\">\n\t\t\t\t\t<div class=\"elementor-image-box-wrapper\"><div class=\"elementor-image-box-content\"><h5 class=\"elementor-image-box-title\">Correo electr\u00f3nico<\/h5><p class=\"elementor-image-box-description\">mx.ventas@olmecadrilling.com<\/p><\/div><\/div>\t\t\t\t<\/div>\n\t\t\t\t<\/div>\n\t\t\t\t<div class=\"elementor-element elementor-element-3a8420e elementor-widget__width-initial elementor-widget elementor-widget-image-box\" data-id=\"3a8420e\" data-element_type=\"widget\" data-e-type=\"widget\" data-widget_type=\"image-box.default\">\n\t\t\t\t<div class=\"elementor-widget-container\">\n\t\t\t\t\t<div class=\"elementor-image-box-wrapper\"><div class=\"elementor-image-box-content\"><h5 class=\"elementor-image-box-title\">Domicilio<\/h5><p class=\"elementor-image-box-description\">PLIT, Cda. San Marcos 10B, <br \/>Villahermosa, Tabasco.<\/p><\/div><\/div>\t\t\t\t<\/div>\n\t\t\t\t<\/div>\n\t\t\t\t<\/div>\n\t\t<div class=\"elementor-element elementor-element-a8fdf6d e-con-full e-flex e-con e-child\" data-id=\"a8fdf6d\" data-element_type=\"container\" data-e-type=\"container\">\n\t\t\t\t<div class=\"elementor-element elementor-element-ef0aceb elementor-widget__width-initial elementor-widget elementor-widget-google_maps\" data-id=\"ef0aceb\" data-element_type=\"widget\" data-e-type=\"widget\" data-widget_type=\"google_maps.default\">\n\t\t\t\t<div class=\"elementor-widget-container\">\n\t\t\t\t\t\t\t<div class=\"elementor-custom-embed\">\n\t\t\t<iframe loading=\"lazy\"\n\t\t\t\t\tsrc=\"https:\/\/maps.google.com\/maps?q=parque%20log%C3%ADstico%20integral&#038;t=m&#038;z=13&#038;output=embed&#038;iwloc=near\"\n\t\t\t\t\ttitle=\"parque log\u00edstico integral\"\n\t\t\t\t\taria-label=\"parque log\u00edstico integral\"\n\t\t\t><\/iframe>\n\t\t<\/div>\n\t\t\t\t\t\t<\/div>\n\t\t\t\t<\/div>\n\t\t\t\t<\/div>\n\t\t\t\t<\/div>\n\t\t\t\t\t<\/div>\n\t\t\t\t<\/div>\n\t\t<div class=\"elementor-element elementor-element-eecba69 e-flex e-con-boxed e-con e-parent\" data-id=\"eecba69\" data-element_type=\"container\" data-e-type=\"container\" id=\"us\" data-settings=\"{&quot;background_background&quot;:&quot;classic&quot;}\">\n\t\t\t\t\t<div class=\"e-con-inner\">\n\t\t<div class=\"elementor-element elementor-element-17c8b90 e-con-full e-flex e-con e-child\" data-id=\"17c8b90\" data-element_type=\"container\" data-e-type=\"container\">\n\t\t<div class=\"elementor-element elementor-element-1f9e4bd e-con-full e-flex e-con e-child\" data-id=\"1f9e4bd\" data-element_type=\"container\" data-e-type=\"container\" data-settings=\"{&quot;background_background&quot;:&quot;classic&quot;}\">\n\t\t\t\t<div class=\"elementor-element elementor-element-9c43832 elementor-widget elementor-widget-image-box\" data-id=\"9c43832\" data-element_type=\"widget\" data-e-type=\"widget\" data-widget_type=\"image-box.default\">\n\t\t\t\t<div class=\"elementor-widget-container\">\n\t\t\t\t\t<div class=\"elementor-image-box-wrapper\"><div class=\"elementor-image-box-content\"><h3 class=\"elementor-image-box-title\">Houston, Texas<\/h3><p class=\"elementor-image-box-description\">Reach out today and let's start discussing your drilling goals. Connect with us now to explore how we can elevate your operation.<\/p><\/div><\/div>\t\t\t\t<\/div>\n\t\t\t\t<\/div>\n\t\t\t\t<div class=\"elementor-element elementor-element-2717eb4 elementor-widget__width-inherit elementor-widget elementor-widget-image-box\" data-id=\"2717eb4\" data-element_type=\"widget\" data-e-type=\"widget\" data-widget_type=\"image-box.default\">\n\t\t\t\t<div class=\"elementor-widget-container\">\n\t\t\t\t\t<div class=\"elementor-image-box-wrapper\"><div class=\"elementor-image-box-content\"><h5 class=\"elementor-image-box-title\">Phone<\/h5><p class=\"elementor-image-box-description\">(1) 337 965 1919<\/p><\/div><\/div>\t\t\t\t<\/div>\n\t\t\t\t<\/div>\n\t\t\t\t<div class=\"elementor-element elementor-element-b5ac99c elementor-widget__width-initial elementor-widget elementor-widget-image-box\" data-id=\"b5ac99c\" data-element_type=\"widget\" data-e-type=\"widget\" data-widget_type=\"image-box.default\">\n\t\t\t\t<div class=\"elementor-widget-container\">\n\t\t\t\t\t<div class=\"elementor-image-box-wrapper\"><div class=\"elementor-image-box-content\"><h5 class=\"elementor-image-box-title\">Email<\/h5><p class=\"elementor-image-box-description\">us.sales@olmecadrilling.com<\/p><\/div><\/div>\t\t\t\t<\/div>\n\t\t\t\t<\/div>\n\t\t\t\t<div class=\"elementor-element elementor-element-435bb1a elementor-widget__width-initial elementor-widget elementor-widget-image-box\" data-id=\"435bb1a\" data-element_type=\"widget\" data-e-type=\"widget\" data-widget_type=\"image-box.default\">\n\t\t\t\t<div class=\"elementor-widget-container\">\n\t\t\t\t\t<div class=\"elementor-image-box-wrapper\"><div class=\"elementor-image-box-content\"><h5 class=\"elementor-image-box-title\">Addres<\/h5><p class=\"elementor-image-box-description\">7322 Southwest Fwy Ste 1153 <br \/>Houston, Tx 77074<\/p><\/div><\/div>\t\t\t\t<\/div>\n\t\t\t\t<\/div>\n\t\t\t\t<\/div>\n\t\t<div class=\"elementor-element elementor-element-feefd07 e-con-full e-flex e-con e-child\" data-id=\"feefd07\" data-element_type=\"container\" data-e-type=\"container\">\n\t\t\t\t<div class=\"elementor-element elementor-element-ca0f2f0 elementor-widget__width-initial elementor-widget elementor-widget-google_maps\" data-id=\"ca0f2f0\" data-element_type=\"widget\" data-e-type=\"widget\" data-widget_type=\"google_maps.default\">\n\t\t\t\t<div class=\"elementor-widget-container\">\n\t\t\t\t\t\t\t<div class=\"elementor-custom-embed\">\n\t\t\t<iframe loading=\"lazy\"\n\t\t\t\t\tsrc=\"https:\/\/maps.google.com\/maps?q=7322%20Southwest%20Fwy%20Ste%201153&#038;t=m&#038;z=13&#038;output=embed&#038;iwloc=near\"\n\t\t\t\t\ttitle=\"7322 Southwest Fwy Ste 1153\"\n\t\t\t\t\taria-label=\"7322 Southwest Fwy Ste 1153\"\n\t\t\t><\/iframe>\n\t\t<\/div>\n\t\t\t\t\t\t<\/div>\n\t\t\t\t<\/div>\n\t\t\t\t<\/div>\n\t\t\t\t<\/div>\n\t\t\t\t\t<\/div>\n\t\t\t\t<\/div>\n\t\t\t\t<\/div>\n\t\t","protected":false},"excerpt":{"rendered":"<p>Contacto Comprometidos con tu operaci\u00f3n. Hablemos. Estamos listos para responder a tus requerimientos t\u00e9cnicos y comerciales. Contacto M\u00e9xico Contacto U.S. [&hellip;]<\/p>\n","protected":false},"author":1,"featured_media":0,"parent":0,"menu_order":0,"comment_status":"closed","ping_status":"closed","template":"","meta":{"site-sidebar-layout":"no-sidebar","site-content-layout":"","ast-site-content-layout":"full-width-container","site-content-style":"default","site-sidebar-style":"default","ast-global-header-display":"","ast-banner-title-visibility":"","ast-main-header-display":"","ast-hfb-above-header-display":"","ast-hfb-below-header-display":"","ast-hfb-mobile-header-display":"","site-post-title":"disabled","ast-breadcrumbs-content":"","ast-featured-img":"disabled","footer-sml-layout":"","ast-disable-related-posts":"","theme-transparent-header-meta":"enabled","adv-header-id-meta":"","stick-header-meta":"","header-above-stick-meta":"","header-main-stick-meta":"","header-below-stick-meta":"","astra-migrate-meta-layouts":"default","ast-page-background-enabled":"default","ast-page-background-meta":{"desktop":{"background-color":"var(--ast-global-color-4)","background-image":"","background-repeat":"repeat","background-position":"center center","background-size":"auto","background-attachment":"scroll","background-type":"","background-media":"","overlay-type":"","overlay-color":"","overlay-opacity":"","overlay-gradient":""},"tablet":{"background-color":"","background-image":"","background-repeat":"repeat","background-position":"center center","background-size":"auto","background-attachment":"scroll","background-type":"","background-media":"","overlay-type":"","overlay-color":"","overlay-opacity":"","overlay-gradient":""},"mobile":{"background-color":"","background-image":"","background-repeat":"repeat","background-position":"center center","background-size":"auto","background-attachment":"scroll","background-type":"","background-media":"","overlay-type":"","overlay-color":"","overlay-opacity":"","overlay-gradient":""}},"ast-content-background-meta":{"desktop":{"background-color":"var(--ast-global-color-5)","background-image":"","background-repeat":"repeat","background-position":"center center","background-size":"auto","background-attachment":"scroll","background-type":"","background-media":"","overlay-type":"","overlay-color":"","overlay-opacity":"","overlay-gradient":""},"tablet":{"background-color":"var(--ast-global-color-5)","background-image":"","background-repeat":"repeat","background-position":"center center","background-size":"auto","background-attachment":"scroll","background-type":"","background-media":"","overlay-type":"","overlay-color":"","overlay-opacity":"","overlay-gradient":""},"mobile":{"background-color":"var(--ast-global-color-5)","background-image":"","background-repeat":"repeat","background-position":"center center","background-size":"auto","background-attachment":"scroll","background-type":"","background-media":"","overlay-type":"","overlay-color":"","overlay-opacity":"","overlay-gradient":""}},"footnotes":""},"class_list":["post-767","page","type-page","status-publish","hentry"],"yoast_head":"<!-- This site is optimized with the Yoast SEO plugin v27.4 - https:\/\/yoast.com\/product\/yoast-seo-wordpress\/ -->\n<title>Contacto - Olmeca Drilling Solutions<\/title>\n<meta name=\"robots\" content=\"index, follow, max-snippet:-1, max-image-preview:large, max-video-preview:-1\" \/>\n<link rel=\"canonical\" href=\"https:\/\/olmecadrilling.com\/es\/contacto\/\" \/>\n<meta property=\"og:locale\" content=\"en_US\" \/>\n<meta property=\"og:type\" content=\"article\" \/>\n<meta property=\"og:title\" content=\"Contacto - Olmeca Drilling Solutions\" \/>\n<meta property=\"og:description\" content=\"Contacto Comprometidos con tu operaci\u00f3n. Hablemos. Estamos listos para responder a tus requerimientos t\u00e9cnicos y comerciales. Contacto M\u00e9xico Contacto U.S. [&hellip;]\" \/>\n<meta property=\"og:url\" content=\"https:\/\/olmecadrilling.com\/es\/contacto\/\" \/>\n<meta property=\"og:site_name\" content=\"Olmeca Drilling Solutions\" \/>\n<meta property=\"article:modified_time\" content=\"2026-03-03T03:35:57+00:00\" \/>\n<meta name=\"twitter:card\" content=\"summary_large_image\" \/>\n<meta name=\"twitter:label1\" content=\"Est. reading time\" \/>\n\t<meta name=\"twitter:data1\" content=\"1 minute\" \/>\n<script type=\"application\/ld+json\" class=\"yoast-schema-graph\">{\"@context\":\"https:\\\/\\\/schema.org\",\"@graph\":[{\"@type\":\"WebPage\",\"@id\":\"https:\\\/\\\/olmecadrilling.com\\\/es\\\/contacto\\\/\",\"url\":\"https:\\\/\\\/olmecadrilling.com\\\/es\\\/contacto\\\/\",\"name\":\"Contacto - Olmeca Drilling Solutions\",\"isPartOf\":{\"@id\":\"https:\\\/\\\/olmecadrilling.com\\\/es\\\/#website\"},\"datePublished\":\"2025-06-18T02:46:56+00:00\",\"dateModified\":\"2026-03-03T03:35:57+00:00\",\"breadcrumb\":{\"@id\":\"https:\\\/\\\/olmecadrilling.com\\\/es\\\/contacto\\\/#breadcrumb\"},\"inLanguage\":\"en\",\"potentialAction\":[{\"@type\":\"ReadAction\",\"target\":[\"https:\\\/\\\/olmecadrilling.com\\\/es\\\/contacto\\\/\"]}]},{\"@type\":\"BreadcrumbList\",\"@id\":\"https:\\\/\\\/olmecadrilling.com\\\/es\\\/contacto\\\/#breadcrumb\",\"itemListElement\":[{\"@type\":\"ListItem\",\"position\":1,\"name\":\"Portada\",\"item\":\"https:\\\/\\\/olmecadrilling.com\\\/es\\\/\"},{\"@type\":\"ListItem\",\"position\":2,\"name\":\"Contacto\"}]},{\"@type\":\"WebSite\",\"@id\":\"https:\\\/\\\/olmecadrilling.com\\\/es\\\/#website\",\"url\":\"https:\\\/\\\/olmecadrilling.com\\\/es\\\/\",\"name\":\"Olmeca Drilling Solutions\",\"description\":\"\",\"publisher\":{\"@id\":\"https:\\\/\\\/olmecadrilling.com\\\/es\\\/#organization\"},\"potentialAction\":[{\"@type\":\"SearchAction\",\"target\":{\"@type\":\"EntryPoint\",\"urlTemplate\":\"https:\\\/\\\/olmecadrilling.com\\\/es\\\/?s={search_term_string}\"},\"query-input\":{\"@type\":\"PropertyValueSpecification\",\"valueRequired\":true,\"valueName\":\"search_term_string\"}}],\"inLanguage\":\"en\"},{\"@type\":\"Organization\",\"@id\":\"https:\\\/\\\/olmecadrilling.com\\\/es\\\/#organization\",\"name\":\"Olmeca Drilling Solutions\",\"url\":\"https:\\\/\\\/olmecadrilling.com\\\/es\\\/\",\"logo\":{\"@type\":\"ImageObject\",\"inLanguage\":\"en\",\"@id\":\"https:\\\/\\\/olmecadrilling.com\\\/es\\\/#\\\/schema\\\/logo\\\/image\\\/\",\"url\":\"https:\\\/\\\/olmecadrilling.com\\\/es\\\/wp-content\\\/uploads\\\/2025\\\/08\\\/Olmeca_logo.svg\",\"contentUrl\":\"https:\\\/\\\/olmecadrilling.com\\\/es\\\/wp-content\\\/uploads\\\/2025\\\/08\\\/Olmeca_logo.svg\",\"width\":1920,\"height\":826,\"caption\":\"Olmeca Drilling Solutions\"},\"image\":{\"@id\":\"https:\\\/\\\/olmecadrilling.com\\\/es\\\/#\\\/schema\\\/logo\\\/image\\\/\"}}]}<\/script>\n<!-- \/ Yoast SEO plugin. -->","yoast_head_json":{"title":"Contacto - Olmeca Drilling Solutions","robots":{"index":"index","follow":"follow","max-snippet":"max-snippet:-1","max-image-preview":"max-image-preview:large","max-video-preview":"max-video-preview:-1"},"canonical":"https:\/\/olmecadrilling.com\/es\/contacto\/","og_locale":"en_US","og_type":"article","og_title":"Contacto - Olmeca Drilling Solutions","og_description":"Contacto Comprometidos con tu operaci\u00f3n. Hablemos. Estamos listos para responder a tus requerimientos t\u00e9cnicos y comerciales. Contacto M\u00e9xico Contacto U.S. [&hellip;]","og_url":"https:\/\/olmecadrilling.com\/es\/contacto\/","og_site_name":"Olmeca Drilling Solutions","article_modified_time":"2026-03-03T03:35:57+00:00","twitter_card":"summary_large_image","twitter_misc":{"Est. reading time":"1 minute"},"schema":{"@context":"https:\/\/schema.org","@graph":[{"@type":"WebPage","@id":"https:\/\/olmecadrilling.com\/es\/contacto\/","url":"https:\/\/olmecadrilling.com\/es\/contacto\/","name":"Contacto - Olmeca Drilling Solutions","isPartOf":{"@id":"https:\/\/olmecadrilling.com\/es\/#website"},"datePublished":"2025-06-18T02:46:56+00:00","dateModified":"2026-03-03T03:35:57+00:00","breadcrumb":{"@id":"https:\/\/olmecadrilling.com\/es\/contacto\/#breadcrumb"},"inLanguage":"en","potentialAction":[{"@type":"ReadAction","target":["https:\/\/olmecadrilling.com\/es\/contacto\/"]}]},{"@type":"BreadcrumbList","@id":"https:\/\/olmecadrilling.com\/es\/contacto\/#breadcrumb","itemListElement":[{"@type":"ListItem","position":1,"name":"Portada","item":"https:\/\/olmecadrilling.com\/es\/"},{"@type":"ListItem","position":2,"name":"Contacto"}]},{"@type":"WebSite","@id":"https:\/\/olmecadrilling.com\/es\/#website","url":"https:\/\/olmecadrilling.com\/es\/","name":"Olmeca Drilling Solutions","description":"","publisher":{"@id":"https:\/\/olmecadrilling.com\/es\/#organization"},"potentialAction":[{"@type":"SearchAction","target":{"@type":"EntryPoint","urlTemplate":"https:\/\/olmecadrilling.com\/es\/?s={search_term_string}"},"query-input":{"@type":"PropertyValueSpecification","valueRequired":true,"valueName":"search_term_string"}}],"inLanguage":"en"},{"@type":"Organization","@id":"https:\/\/olmecadrilling.com\/es\/#organization","name":"Olmeca Drilling Solutions","url":"https:\/\/olmecadrilling.com\/es\/","logo":{"@type":"ImageObject","inLanguage":"en","@id":"https:\/\/olmecadrilling.com\/es\/#\/schema\/logo\/image\/","url":"https:\/\/olmecadrilling.com\/es\/wp-content\/uploads\/2025\/08\/Olmeca_logo.svg","contentUrl":"https:\/\/olmecadrilling.com\/es\/wp-content\/uploads\/2025\/08\/Olmeca_logo.svg","width":1920,"height":826,"caption":"Olmeca Drilling Solutions"},"image":{"@id":"https:\/\/olmecadrilling.com\/es\/#\/schema\/logo\/image\/"}}]}},"_links":{"self":[{"href":"https:\/\/olmecadrilling.com\/es\/wp-json\/wp\/v2\/pages\/767","targetHints":{"allow":["GET"]}}],"collection":[{"href":"https:\/\/olmecadrilling.com\/es\/wp-json\/wp\/v2\/pages"}],"about":[{"href":"https:\/\/olmecadrilling.com\/es\/wp-json\/wp\/v2\/types\/page"}],"author":[{"embeddable":true,"href":"https:\/\/olmecadrilling.com\/es\/wp-json\/wp\/v2\/users\/1"}],"replies":[{"embeddable":true,"href":"https:\/\/olmecadrilling.com\/es\/wp-json\/wp\/v2\/comments?post=767"}],"version-history":[{"count":61,"href":"https:\/\/olmecadrilling.com\/es\/wp-json\/wp\/v2\/pages\/767\/revisions"}],"predecessor-version":[{"id":5284,"href":"https:\/\/olmecadrilling.com\/es\/wp-json\/wp\/v2\/pages\/767\/revisions\/5284"}],"wp:attachment":[{"href":"https:\/\/olmecadrilling.com\/es\/wp-json\/wp\/v2\/media?parent=767"}],"curies":[{"name":"wp","href":"https:\/\/api.w.org\/{rel}","templated":true}]}}