{"id":3164,"date":"2025-08-18T20:18:48","date_gmt":"2025-08-18T20:18:48","guid":{"rendered":"https:\/\/olmecadrilling.com\/es\/?page_id=3164"},"modified":"2025-08-28T20:26:44","modified_gmt":"2025-08-28T20:26:44","slug":"sitio-en-construccion","status":"publish","type":"page","link":"https:\/\/olmecadrilling.com\/es\/sitio-en-construccion\/","title":{"rendered":"Sitio en construcci\u00f3n"},"content":{"rendered":"\t\t<div data-elementor-type=\"wp-page\" data-elementor-id=\"3164\" class=\"elementor elementor-3164\">\n\t\t\t\t<div class=\"elementor-element elementor-element-b88e140 e-flex e-con-boxed e-con e-parent\" data-id=\"b88e140\" data-element_type=\"container\" data-e-type=\"container\" data-settings=\"{&quot;background_background&quot;:&quot;classic&quot;}\">\n\t\t\t\t\t<div class=\"e-con-inner\">\n\t\t\t\t<div class=\"elementor-element elementor-element-1de6098 elementor-widget__width-initial elementor-widget elementor-widget-image\" data-id=\"1de6098\" data-element_type=\"widget\" data-e-type=\"widget\" data-widget_type=\"image.default\">\n\t\t\t\t<div class=\"elementor-widget-container\">\n\t\t\t\t\t\t\t\t\t\t\t\t\t\t\t<img fetchpriority=\"high\" decoding=\"async\" width=\"1920\" height=\"826\" src=\"https:\/\/olmecadrilling.com\/es\/wp-content\/uploads\/2025\/06\/Olmeca_logo.svg\" class=\"attachment-large size-large wp-image-6\" alt=\"\" \/>\t\t\t\t\t\t\t\t\t\t\t\t\t\t\t<\/div>\n\t\t\t\t<\/div>\n\t\t\t\t\t<\/div>\n\t\t\t\t<\/div>\n\t\t<div class=\"elementor-element elementor-element-6214bd8 e-flex e-con-boxed e-con e-parent\" data-id=\"6214bd8\" data-element_type=\"container\" data-e-type=\"container\" data-settings=\"{&quot;background_background&quot;:&quot;classic&quot;}\">\n\t\t\t\t\t<div class=\"e-con-inner\">\n\t\t<div class=\"elementor-element elementor-element-5366b80 e-con-full e-flex e-con e-child\" data-id=\"5366b80\" data-element_type=\"container\" data-e-type=\"container\" data-settings=\"{&quot;background_background&quot;:&quot;classic&quot;}\">\n\t\t\t\t<\/div>\n\t\t<div class=\"elementor-element elementor-element-7300fc0 e-con-full e-flex elementor-invisible e-con e-child\" data-id=\"7300fc0\" data-element_type=\"container\" data-e-type=\"container\" data-settings=\"{&quot;background_background&quot;:&quot;classic&quot;,&quot;animation&quot;:&quot;fadeIn&quot;,&quot;animation_delay&quot;:2000}\">\n\t\t\t\t<div class=\"elementor-element elementor-element-de7ea13 elementor-widget elementor-widget-heading\" data-id=\"de7ea13\" data-element_type=\"widget\" data-e-type=\"widget\" data-widget_type=\"heading.default\">\n\t\t\t\t<div class=\"elementor-widget-container\">\n\t\t\t\t\t<h2 class=\"elementor-heading-title elementor-size-default\">Sitio en<\/h2>\t\t\t\t<\/div>\n\t\t\t\t<\/div>\n\t\t\t\t<div class=\"elementor-element elementor-element-8d232e5 premium-atext__switch elementor-widget elementor-widget-premium-addon-fancy-text\" data-id=\"8d232e5\" data-element_type=\"widget\" data-e-type=\"widget\" data-widget_type=\"premium-addon-fancy-text.default\">\n\t\t\t\t<div class=\"elementor-widget-container\">\n\t\t\t\t\t\t\t<div class=\"premium-atext__wrapper premium-atext__slide \" data-start-effect=\"page_load\" data-settings=\"{&quot;effect&quot;:&quot;slide&quot;,&quot;speed&quot;:200,&quot;showItems&quot;:1,&quot;pause&quot;:3000,&quot;mousePause&quot;:false,&quot;loading&quot;:false,&quot;style&quot;:&quot;switch&quot;}\">\n\n\t\t\t<h3 class=\"premium-atext__headline\">\n\t\t\t\n\t\t\t\t\t\t<div class=\"premium-atext__text\" style='display: inline-block; text-align: center'>\n\t\t\t\t<ul class=\"premium-atext__items-wrapper\">\n\t\t\t\t\t\t\t\t\t<li class=\"premium-fancy-list-items premium-fancy-item-visible\">\n\t\t\t\t\t\t\tmantenimiento\t\t\t\t\t\t<\/li>\n\t\t\t\t\t\t\t\t\t\t\t<li class=\"premium-fancy-list-items premium-fancy-item-visible\">\n\t\t\t\t\t\t\tactualizaci\u00f3n\t\t\t\t\t\t<\/li>\n\t\t\t\t\t\t\t\t\t\t\t<li class=\"premium-fancy-list-items premium-fancy-item-visible\">\n\t\t\t\t\t\t\tpuesta a punto\t\t\t\t\t\t<\/li>\n\t\t\t\t\t\t\t\t\t<\/ul>\n\t\t\t<\/div>\n\t\t\t\n\t\t\t\n\t\t\t\n\t\t\t<\/h3>\n\t\t<\/div>\n\t\t\t\t\t\t<\/div>\n\t\t\t\t<\/div>\n\t\t\t\t<div class=\"elementor-element elementor-element-7927fa4 elementor-widget__width-initial elementor-widget elementor-widget-text-editor\" data-id=\"7927fa4\" data-element_type=\"widget\" data-e-type=\"widget\" data-widget_type=\"text-editor.default\">\n\t\t\t\t<div class=\"elementor-widget-container\">\n\t\t\t\t\t\t\t\t\t<p>Volvemos en breve. Seguimos operando con normalidad; si necesitas una cotizaci\u00f3n o soporte, cont\u00e1ctanos.<\/p>\t\t\t\t\t\t\t\t<\/div>\n\t\t\t\t<\/div>\n\t\t\t\t<\/div>\n\t\t\t\t\t<\/div>\n\t\t\t\t<\/div>\n\t\t<div class=\"elementor-element elementor-element-392d5ae e-flex e-con-boxed e-con e-parent\" data-id=\"392d5ae\" data-element_type=\"container\" data-e-type=\"container\" data-settings=\"{&quot;background_background&quot;:&quot;video&quot;,&quot;background_video_link&quot;:&quot;https:\\\/\\\/olmecadrilling.com\\\/es\\\/wp-content\\\/uploads\\\/2025\\\/07\\\/ODS-INTRO.mp4&quot;,&quot;background_play_on_mobile&quot;:&quot;yes&quot;}\">\n\t\t\t\t\t<div class=\"e-con-inner\">\n\t\t<div class=\"elementor-background-video-container\">\n\t\t\t\t\t\t\t<video class=\"elementor-background-video-hosted\" role=\"presentation\" autoplay muted playsinline loop><\/video>\n\t\t\t\t\t<\/div><div class=\"elementor-element elementor-element-4432752 e-con-full elementor-hidden-mobile e-flex e-con e-child\" data-id=\"4432752\" data-element_type=\"container\" data-e-type=\"container\" data-settings=\"{&quot;background_background&quot;:&quot;video&quot;,&quot;background_play_on_mobile&quot;:&quot;yes&quot;}\">\n\t\t\t\t<div class=\"elementor-element elementor-element-67df324 premium-mobile-type-row elementor-hidden-mobile premium-type-column elementor-widget elementor-widget-premium-icon-list\" data-id=\"67df324\" data-element_type=\"widget\" data-e-type=\"widget\" data-settings=\"{&quot;rbadges_repeater&quot;:[]}\" data-widget_type=\"premium-icon-list.default\">\n\t\t\t\t<div class=\"elementor-widget-container\">\n\t\t\t\t\t\t\t\t<ul class=\"premium-bullet-list-box\">\n\t\t\t\t\n\t\t\t\t\t\t\t<li class=\"premium-bullet-list-content elementor-repeater-item-c288034 premium-con-lq__glass2\">\n\t\t\t\t\t\t\t\t<div class=\"premium-bullet-list-text\">\n\t\t\t\t\t\t\t\t\n\t\t\t\t\t\t\t\t\t<div class=\"premium-bullet-list-text-wrapper\">\n\t\t\t\t\t\t\t\t\t\t<span class=\"premium-bullet-text\" data-text=\"List Title #1\"> List Title #1 <\/span>\t\t\t\t\t\t\t\t\t\t\t\t\t\t\t\t\t\t\t<\/div>\n\t\t\t\t\t\t\t\t<\/div>\n\n\t\t\t\t\t\t\t\t\n\t\t\t\t\t\t\t\t\n\t\t\t\t\t\t\t<\/li>\n\n\t\t\t\t\t\t\t\t\t\t<\/ul>\n\t\t\t\t\t\t<\/div>\n\t\t\t\t<\/div>\n\t\t\t\t<\/div>\n\t\t<div class=\"elementor-element elementor-element-9a53b0a e-flex e-con-boxed e-con e-child\" data-id=\"9a53b0a\" data-element_type=\"container\" data-e-type=\"container\" data-settings=\"{&quot;background_background&quot;:&quot;classic&quot;,&quot;position&quot;:&quot;absolute&quot;}\">\n\t\t\t\t\t<div class=\"e-con-inner\">\n\t\t\t\t<div class=\"elementor-element elementor-element-df8d186 elementor-widget__width-initial elementor-widget elementor-widget-text-editor\" data-id=\"df8d186\" data-element_type=\"widget\" data-e-type=\"widget\" data-widget_type=\"text-editor.default\">\n\t\t\t\t<div class=\"elementor-widget-container\">\n\t\t\t\t\t\t\t\t\t<p>Parque Log\u00edstico Industrial<br \/>Cda. San Marcos 10B,<br \/>Villahermosa, Tabasco.<\/p>\t\t\t\t\t\t\t\t<\/div>\n\t\t\t\t<\/div>\n\t\t\t\t\t<\/div>\n\t\t\t\t<\/div>\n\t\t<div class=\"elementor-element elementor-element-87d7d99 e-con-full e-flex e-con e-child\" data-id=\"87d7d99\" data-element_type=\"container\" data-e-type=\"container\" data-settings=\"{&quot;background_background&quot;:&quot;classic&quot;,&quot;position&quot;:&quot;absolute&quot;}\">\n\t\t\t\t<div class=\"elementor-element elementor-element-967e69e elementor-widget__width-inherit elementor-absolute elementor-widget elementor-widget-premium-addon-progressbar\" data-id=\"967e69e\" data-element_type=\"widget\" data-e-type=\"widget\" data-settings=\"{&quot;_position&quot;:&quot;absolute&quot;}\" data-widget_type=\"premium-addon-progressbar.default\">\n\t\t\t\t<div class=\"elementor-widget-container\">\n\t\t\t\t\t\n\t\t<div class=\"premium-progressbar-container premium-progressbar-gradient\" data-settings=\"{&quot;progress_length&quot;:&quot;95&quot;,&quot;speed&quot;:1800,&quot;type&quot;:&quot;line&quot;,&quot;mScroll&quot;:&quot;&quot;,&quot;gradient&quot;:&quot;#ecd98f,#bb8f3a&quot;}\">\n\n\t\t\t\t\t\t\t<p class=\"premium-progressbar-left-label\">\n\t\t\t\t\t\t\t\t\t<\/p>\n\t\t\t\t<p class=\"premium-progressbar-right-label\">\n\t\t\t\t\t\t\t\t\t<\/p>\n\t\t\t\n\t\t\t\n\t\t\t\t\t\t\t<div class=\"clearfix\"><\/div>\n\t\t\t\n\t\t\t<div class=\"premium-progressbar-bar-wrap\">\n\t\t\t\t\t\t\t\t\t<div class=\"premium-progressbar-bar\" role=\"progressbar\" aria-valuemin=\"0\" aria-valuemax=\"100\"><\/div>\n\t\t\t\t\t\t\t<\/div>\n\n\t\t\t\n\t\t<\/div>\n\n\t\t\t\t\t\t<\/div>\n\t\t\t\t<\/div>\n\t\t\t\t<\/div>\n\t\t<div class=\"elementor-element elementor-element-16e18cc e-con-full e-flex elementor-invisible e-con e-child\" data-id=\"16e18cc\" data-element_type=\"container\" data-e-type=\"container\" data-settings=\"{&quot;background_background&quot;:&quot;classic&quot;,&quot;position&quot;:&quot;absolute&quot;,&quot;animation&quot;:&quot;fadeIn&quot;,&quot;animation_delay&quot;:2000}\">\n\t\t\t\t<div class=\"elementor-element elementor-element-ad70877 elementor-align-left elementor-mobile-align-justify elementor-widget elementor-widget-button\" data-id=\"ad70877\" data-element_type=\"widget\" data-e-type=\"widget\" data-widget_type=\"button.default\">\n\t\t\t\t<div class=\"elementor-widget-container\">\n\t\t\t\t\t\t\t\t\t<div class=\"elementor-button-wrapper\">\n\t\t\t\t\t<a class=\"elementor-button elementor-button-link elementor-size-sm\" href=\"mailto:g.torres@olmecadrilling.com\">\n\t\t\t\t\t\t<span class=\"elementor-button-content-wrapper\">\n\t\t\t\t\t\t\t\t\t<span class=\"elementor-button-text\">Contacto email<\/span>\n\t\t\t\t\t<\/span>\n\t\t\t\t\t<\/a>\n\t\t\t\t<\/div>\n\t\t\t\t\t\t\t\t<\/div>\n\t\t\t\t<\/div>\n\t\t\t\t<div class=\"elementor-element elementor-element-eb8c89c elementor-align-left elementor-mobile-align-justify elementor-widget elementor-widget-button\" data-id=\"eb8c89c\" data-element_type=\"widget\" data-e-type=\"widget\" data-widget_type=\"button.default\">\n\t\t\t\t<div class=\"elementor-widget-container\">\n\t\t\t\t\t\t\t\t\t<div class=\"elementor-button-wrapper\">\n\t\t\t\t\t<a class=\"elementor-button elementor-button-link elementor-size-sm\" href=\"https:\/\/wa.me\/529935913143\">\n\t\t\t\t\t\t<span class=\"elementor-button-content-wrapper\">\n\t\t\t\t\t\t\t\t\t<span class=\"elementor-button-text\">Whatsapp<\/span>\n\t\t\t\t\t<\/span>\n\t\t\t\t\t<\/a>\n\t\t\t\t<\/div>\n\t\t\t\t\t\t\t\t<\/div>\n\t\t\t\t<\/div>\n\t\t\t\t<\/div>\n\t\t\t\t\t<\/div>\n\t\t\t\t<\/div>\n\t\t\t\t<\/div>\n\t\t","protected":false},"excerpt":{"rendered":"<p>Sitio en mantenimiento actualizaci\u00f3n puesta a punto Volvemos en breve. Seguimos operando con normalidad; si necesitas una cotizaci\u00f3n o soporte, [&hellip;]<\/p>\n","protected":false},"author":1,"featured_media":0,"parent":0,"menu_order":0,"comment_status":"closed","ping_status":"closed","template":"elementor_canvas","meta":{"site-sidebar-layout":"no-sidebar","site-content-layout":"","ast-site-content-layout":"full-width-container","site-content-style":"default","site-sidebar-style":"default","ast-global-header-display":"","ast-banner-title-visibility":"","ast-main-header-display":"","ast-hfb-above-header-display":"","ast-hfb-below-header-display":"","ast-hfb-mobile-header-display":"","site-post-title":"","ast-breadcrumbs-content":"","ast-featured-img":"disabled","footer-sml-layout":"","ast-disable-related-posts":"","theme-transparent-header-meta":"","adv-header-id-meta":"","stick-header-meta":"","header-above-stick-meta":"","header-main-stick-meta":"","header-below-stick-meta":"","astra-migrate-meta-layouts":"default","ast-page-background-enabled":"default","ast-page-background-meta":{"desktop":{"background-color":"var(--ast-global-color-4)","background-image":"","background-repeat":"repeat","background-position":"center center","background-size":"auto","background-attachment":"scroll","background-type":"","background-media":"","overlay-type":"","overlay-color":"","overlay-opacity":"","overlay-gradient":""},"tablet":{"background-color":"","background-image":"","background-repeat":"repeat","background-position":"center center","background-size":"auto","background-attachment":"scroll","background-type":"","background-media":"","overlay-type":"","overlay-color":"","overlay-opacity":"","overlay-gradient":""},"mobile":{"background-color":"","background-image":"","background-repeat":"repeat","background-position":"center center","background-size":"auto","background-attachment":"scroll","background-type":"","background-media":"","overlay-type":"","overlay-color":"","overlay-opacity":"","overlay-gradient":""}},"ast-content-background-meta":{"desktop":{"background-color":"var(--ast-global-color-5)","background-image":"","background-repeat":"repeat","background-position":"center center","background-size":"auto","background-attachment":"scroll","background-type":"","background-media":"","overlay-type":"","overlay-color":"","overlay-opacity":"","overlay-gradient":""},"tablet":{"background-color":"var(--ast-global-color-5)","background-image":"","background-repeat":"repeat","background-position":"center center","background-size":"auto","background-attachment":"scroll","background-type":"","background-media":"","overlay-type":"","overlay-color":"","overlay-opacity":"","overlay-gradient":""},"mobile":{"background-color":"var(--ast-global-color-5)","background-image":"","background-repeat":"repeat","background-position":"center center","background-size":"auto","background-attachment":"scroll","background-type":"","background-media":"","overlay-type":"","overlay-color":"","overlay-opacity":"","overlay-gradient":""}},"footnotes":""},"class_list":["post-3164","page","type-page","status-publish","hentry"],"yoast_head":"<!-- This site is optimized with the Yoast SEO plugin v27.4 - https:\/\/yoast.com\/product\/yoast-seo-wordpress\/ -->\n<title>Sitio en construcci\u00f3n - Olmeca Drilling Solutions<\/title>\n<meta name=\"robots\" content=\"index, follow, max-snippet:-1, max-image-preview:large, max-video-preview:-1\" \/>\n<link rel=\"canonical\" href=\"https:\/\/olmecadrilling.com\/es\/sitio-en-construccion\/\" \/>\n<meta property=\"og:locale\" content=\"en_US\" \/>\n<meta property=\"og:type\" content=\"article\" \/>\n<meta property=\"og:title\" content=\"Sitio en construcci\u00f3n - Olmeca Drilling Solutions\" \/>\n<meta property=\"og:description\" content=\"Sitio en mantenimiento actualizaci\u00f3n puesta a punto Volvemos en breve. Seguimos operando con normalidad; si necesitas una cotizaci\u00f3n o soporte, [&hellip;]\" \/>\n<meta property=\"og:url\" content=\"https:\/\/olmecadrilling.com\/es\/sitio-en-construccion\/\" \/>\n<meta property=\"og:site_name\" content=\"Olmeca Drilling Solutions\" \/>\n<meta property=\"article:modified_time\" content=\"2025-08-28T20:26:44+00:00\" \/>\n<meta property=\"og:image\" content=\"https:\/\/olmecadrilling.com\/es\/wp-content\/uploads\/2025\/06\/Olmeca_logo.svg\" \/>\n<meta name=\"twitter:card\" content=\"summary_large_image\" \/>\n<meta name=\"twitter:label1\" content=\"Est. reading time\" \/>\n\t<meta name=\"twitter:data1\" content=\"1 minute\" \/>\n<script type=\"application\/ld+json\" class=\"yoast-schema-graph\">{\"@context\":\"https:\\\/\\\/schema.org\",\"@graph\":[{\"@type\":\"WebPage\",\"@id\":\"https:\\\/\\\/olmecadrilling.com\\\/es\\\/sitio-en-construccion\\\/\",\"url\":\"https:\\\/\\\/olmecadrilling.com\\\/es\\\/sitio-en-construccion\\\/\",\"name\":\"Sitio en construcci\u00f3n - Olmeca Drilling Solutions\",\"isPartOf\":{\"@id\":\"https:\\\/\\\/olmecadrilling.com\\\/es\\\/#website\"},\"primaryImageOfPage\":{\"@id\":\"https:\\\/\\\/olmecadrilling.com\\\/es\\\/sitio-en-construccion\\\/#primaryimage\"},\"image\":{\"@id\":\"https:\\\/\\\/olmecadrilling.com\\\/es\\\/sitio-en-construccion\\\/#primaryimage\"},\"thumbnailUrl\":\"https:\\\/\\\/olmecadrilling.com\\\/es\\\/wp-content\\\/uploads\\\/2025\\\/06\\\/Olmeca_logo.svg\",\"datePublished\":\"2025-08-18T20:18:48+00:00\",\"dateModified\":\"2025-08-28T20:26:44+00:00\",\"breadcrumb\":{\"@id\":\"https:\\\/\\\/olmecadrilling.com\\\/es\\\/sitio-en-construccion\\\/#breadcrumb\"},\"inLanguage\":\"en\",\"potentialAction\":[{\"@type\":\"ReadAction\",\"target\":[\"https:\\\/\\\/olmecadrilling.com\\\/es\\\/sitio-en-construccion\\\/\"]}]},{\"@type\":\"ImageObject\",\"inLanguage\":\"en\",\"@id\":\"https:\\\/\\\/olmecadrilling.com\\\/es\\\/sitio-en-construccion\\\/#primaryimage\",\"url\":\"https:\\\/\\\/olmecadrilling.com\\\/es\\\/wp-content\\\/uploads\\\/2025\\\/06\\\/Olmeca_logo.svg\",\"contentUrl\":\"https:\\\/\\\/olmecadrilling.com\\\/es\\\/wp-content\\\/uploads\\\/2025\\\/06\\\/Olmeca_logo.svg\",\"width\":1920,\"height\":826},{\"@type\":\"BreadcrumbList\",\"@id\":\"https:\\\/\\\/olmecadrilling.com\\\/es\\\/sitio-en-construccion\\\/#breadcrumb\",\"itemListElement\":[{\"@type\":\"ListItem\",\"position\":1,\"name\":\"Portada\",\"item\":\"https:\\\/\\\/olmecadrilling.com\\\/es\\\/\"},{\"@type\":\"ListItem\",\"position\":2,\"name\":\"Sitio en construcci\u00f3n\"}]},{\"@type\":\"WebSite\",\"@id\":\"https:\\\/\\\/olmecadrilling.com\\\/es\\\/#website\",\"url\":\"https:\\\/\\\/olmecadrilling.com\\\/es\\\/\",\"name\":\"Olmeca Drilling Solutions\",\"description\":\"\",\"publisher\":{\"@id\":\"https:\\\/\\\/olmecadrilling.com\\\/es\\\/#organization\"},\"potentialAction\":[{\"@type\":\"SearchAction\",\"target\":{\"@type\":\"EntryPoint\",\"urlTemplate\":\"https:\\\/\\\/olmecadrilling.com\\\/es\\\/?s={search_term_string}\"},\"query-input\":{\"@type\":\"PropertyValueSpecification\",\"valueRequired\":true,\"valueName\":\"search_term_string\"}}],\"inLanguage\":\"en\"},{\"@type\":\"Organization\",\"@id\":\"https:\\\/\\\/olmecadrilling.com\\\/es\\\/#organization\",\"name\":\"Olmeca Drilling Solutions\",\"url\":\"https:\\\/\\\/olmecadrilling.com\\\/es\\\/\",\"logo\":{\"@type\":\"ImageObject\",\"inLanguage\":\"en\",\"@id\":\"https:\\\/\\\/olmecadrilling.com\\\/es\\\/#\\\/schema\\\/logo\\\/image\\\/\",\"url\":\"https:\\\/\\\/olmecadrilling.com\\\/es\\\/wp-content\\\/uploads\\\/2025\\\/08\\\/Olmeca_logo.svg\",\"contentUrl\":\"https:\\\/\\\/olmecadrilling.com\\\/es\\\/wp-content\\\/uploads\\\/2025\\\/08\\\/Olmeca_logo.svg\",\"width\":1920,\"height\":826,\"caption\":\"Olmeca Drilling Solutions\"},\"image\":{\"@id\":\"https:\\\/\\\/olmecadrilling.com\\\/es\\\/#\\\/schema\\\/logo\\\/image\\\/\"}}]}<\/script>\n<!-- \/ Yoast SEO plugin. -->","yoast_head_json":{"title":"Sitio en construcci\u00f3n - Olmeca Drilling Solutions","robots":{"index":"index","follow":"follow","max-snippet":"max-snippet:-1","max-image-preview":"max-image-preview:large","max-video-preview":"max-video-preview:-1"},"canonical":"https:\/\/olmecadrilling.com\/es\/sitio-en-construccion\/","og_locale":"en_US","og_type":"article","og_title":"Sitio en construcci\u00f3n - Olmeca Drilling Solutions","og_description":"Sitio en mantenimiento actualizaci\u00f3n puesta a punto Volvemos en breve. Seguimos operando con normalidad; si necesitas una cotizaci\u00f3n o soporte, [&hellip;]","og_url":"https:\/\/olmecadrilling.com\/es\/sitio-en-construccion\/","og_site_name":"Olmeca Drilling Solutions","article_modified_time":"2025-08-28T20:26:44+00:00","og_image":[{"url":"https:\/\/olmecadrilling.com\/es\/wp-content\/uploads\/2025\/06\/Olmeca_logo.svg","type":"","width":"","height":""}],"twitter_card":"summary_large_image","twitter_misc":{"Est. reading time":"1 minute"},"schema":{"@context":"https:\/\/schema.org","@graph":[{"@type":"WebPage","@id":"https:\/\/olmecadrilling.com\/es\/sitio-en-construccion\/","url":"https:\/\/olmecadrilling.com\/es\/sitio-en-construccion\/","name":"Sitio en construcci\u00f3n - Olmeca Drilling Solutions","isPartOf":{"@id":"https:\/\/olmecadrilling.com\/es\/#website"},"primaryImageOfPage":{"@id":"https:\/\/olmecadrilling.com\/es\/sitio-en-construccion\/#primaryimage"},"image":{"@id":"https:\/\/olmecadrilling.com\/es\/sitio-en-construccion\/#primaryimage"},"thumbnailUrl":"https:\/\/olmecadrilling.com\/es\/wp-content\/uploads\/2025\/06\/Olmeca_logo.svg","datePublished":"2025-08-18T20:18:48+00:00","dateModified":"2025-08-28T20:26:44+00:00","breadcrumb":{"@id":"https:\/\/olmecadrilling.com\/es\/sitio-en-construccion\/#breadcrumb"},"inLanguage":"en","potentialAction":[{"@type":"ReadAction","target":["https:\/\/olmecadrilling.com\/es\/sitio-en-construccion\/"]}]},{"@type":"ImageObject","inLanguage":"en","@id":"https:\/\/olmecadrilling.com\/es\/sitio-en-construccion\/#primaryimage","url":"https:\/\/olmecadrilling.com\/es\/wp-content\/uploads\/2025\/06\/Olmeca_logo.svg","contentUrl":"https:\/\/olmecadrilling.com\/es\/wp-content\/uploads\/2025\/06\/Olmeca_logo.svg","width":1920,"height":826},{"@type":"BreadcrumbList","@id":"https:\/\/olmecadrilling.com\/es\/sitio-en-construccion\/#breadcrumb","itemListElement":[{"@type":"ListItem","position":1,"name":"Portada","item":"https:\/\/olmecadrilling.com\/es\/"},{"@type":"ListItem","position":2,"name":"Sitio en construcci\u00f3n"}]},{"@type":"WebSite","@id":"https:\/\/olmecadrilling.com\/es\/#website","url":"https:\/\/olmecadrilling.com\/es\/","name":"Olmeca Drilling Solutions","description":"","publisher":{"@id":"https:\/\/olmecadrilling.com\/es\/#organization"},"potentialAction":[{"@type":"SearchAction","target":{"@type":"EntryPoint","urlTemplate":"https:\/\/olmecadrilling.com\/es\/?s={search_term_string}"},"query-input":{"@type":"PropertyValueSpecification","valueRequired":true,"valueName":"search_term_string"}}],"inLanguage":"en"},{"@type":"Organization","@id":"https:\/\/olmecadrilling.com\/es\/#organization","name":"Olmeca Drilling Solutions","url":"https:\/\/olmecadrilling.com\/es\/","logo":{"@type":"ImageObject","inLanguage":"en","@id":"https:\/\/olmecadrilling.com\/es\/#\/schema\/logo\/image\/","url":"https:\/\/olmecadrilling.com\/es\/wp-content\/uploads\/2025\/08\/Olmeca_logo.svg","contentUrl":"https:\/\/olmecadrilling.com\/es\/wp-content\/uploads\/2025\/08\/Olmeca_logo.svg","width":1920,"height":826,"caption":"Olmeca Drilling Solutions"},"image":{"@id":"https:\/\/olmecadrilling.com\/es\/#\/schema\/logo\/image\/"}}]}},"_links":{"self":[{"href":"https:\/\/olmecadrilling.com\/es\/wp-json\/wp\/v2\/pages\/3164","targetHints":{"allow":["GET"]}}],"collection":[{"href":"https:\/\/olmecadrilling.com\/es\/wp-json\/wp\/v2\/pages"}],"about":[{"href":"https:\/\/olmecadrilling.com\/es\/wp-json\/wp\/v2\/types\/page"}],"author":[{"embeddable":true,"href":"https:\/\/olmecadrilling.com\/es\/wp-json\/wp\/v2\/users\/1"}],"replies":[{"embeddable":true,"href":"https:\/\/olmecadrilling.com\/es\/wp-json\/wp\/v2\/comments?post=3164"}],"version-history":[{"count":610,"href":"https:\/\/olmecadrilling.com\/es\/wp-json\/wp\/v2\/pages\/3164\/revisions"}],"predecessor-version":[{"id":4869,"href":"https:\/\/olmecadrilling.com\/es\/wp-json\/wp\/v2\/pages\/3164\/revisions\/4869"}],"wp:attachment":[{"href":"https:\/\/olmecadrilling.com\/es\/wp-json\/wp\/v2\/media?parent=3164"}],"curies":[{"name":"wp","href":"https:\/\/api.w.org\/{rel}","templated":true}]}}